{"id":103,"date":"2020-07-20T23:50:14","date_gmt":"2020-07-20T22:50:14","guid":{"rendered":"https:\/\/programme.yiddish.paris\/?page_id=103"},"modified":"2026-02-25T14:58:40","modified_gmt":"2026-02-25T13:58:40","slug":"reservation","status":"publish","type":"page","link":"https:\/\/programme.yiddish.paris\/?page_id=103","title":{"rendered":"R\u00e9servation"},"content":{"rendered":"\n<p><strong>Les <strong>r\u00e9servations sont d\u00e9sormais obligatoires<\/strong>, y compris pour les activit\u00e9s gratuites.&nbsp;<\/strong> Toutes les activit\u00e9s commencent \u00e0 l\u2019heure indiqu\u00e9e. Nous vous demandons d\u2019arriver un quart d\u2019heure \u00e0 l\u2019avance, afin d\u2019assurer la fluidit\u00e9 de l\u2019accueil. Lors de concerts, pi\u00e8ces de th\u00e9\u00e2tre, cabaret, etc., il n\u2019est pas possible d\u2019entrer apr\u00e8s le d\u00e9but du spectacle. Nous vous remercions de votre compr\u00e9hension.&nbsp;<\/p>\n\n\n\n<p><strong>R\u00e9servation en ligne (le plus facile et rapide<\/strong>) <strong>:<\/strong><\/p>\n\n\n\n<ul class=\"wp-block-list\">\n<li><a href=\"https:\/\/www.helloasso.com\/associations\/maison-de-la-culture-yiddish-bibliotheque-medem\/evenements\/mcy-activites-mars-2026\">Bulletin de r\u00e9servation mars 2026<\/a><\/li>\n\n\n\n<li><a href=\"https:\/\/www.helloasso.com\/associations\/maison-de-la-culture-yiddish-bibliotheque-medem\/evenements\/mcy-activites-avril-2026\">Bulletin de r\u00e9servation avril 2026<\/a><\/li>\n\n\n\n<li><a href=\"https:\/\/www.helloasso.com\/associations\/maison-de-la-culture-yiddish-bibliotheque-medem\/evenements\/mcy-activites-mai-2026\">Bulletin de r\u00e9servation mai 2026<\/a><\/li>\n\n\n\n<li><a href=\"https:\/\/www.helloasso.com\/associations\/maison-de-la-culture-yiddish-bibliotheque-medem\/evenements\/mcy-activites-juin-2026\">Bulletin de r\u00e9servation juin 2026<\/a><\/li>\n<\/ul>\n\n\n\n<p>Les inscriptions ferment <strong>30 minutes avant le d\u00e9but de l&rsquo;activit\u00e9<\/strong>.<\/p>\n\n\n\n<p><strong><a href=\"http:\/\/adhesion.yiddish.paris\">Adh\u00e9rez \u00e0 la Maison de la culture yiddish<\/a> :<\/strong><\/p>\n\n\n\n<ul class=\"wp-block-list\">\n<li><a href=\"https:\/\/www.helloasso.com\/associations\/maison-de-la-culture-yiddish-bibliotheque-medem\/adhesions\/adhesion-en-ligne-a-la-maison-de-la-culture-yiddish-2025-2026\">Bulletin d&rsquo;adh\u00e9sion 2025\/26<\/a><\/li>\n<\/ul>\n\n\n\n<p><strong>Par t\u00e9l\u00e9phone<\/strong><em>\u2009: 01 47 00 14 00<\/em><\/p>\n\n\n\n<p><strong>Sur place<\/strong><em>\u2009:<\/em><br>Maison de la culture yiddish \u2013 Biblioth\u00e8que Medem, 29,&nbsp;rue du Ch\u00e2teau-d\u2019Eau 75010 Paris<\/p>\n","protected":false},"excerpt":{"rendered":"<p>Les r\u00e9servations sont d\u00e9sormais obligatoires, y compris pour les activit\u00e9s gratuites.&nbsp; Toutes les activit\u00e9s commencent \u00e0 l\u2019heure indiqu\u00e9e. Nous vous demandons d\u2019arriver un quart d\u2019heure \u00e0 l\u2019avance, afin d\u2019assurer la &hellip; <\/p>\n<p class=\"link-more\"><a href=\"https:\/\/programme.yiddish.paris\/?page_id=103\" class=\"more-link\">Continuer la lecture<span class=\"screen-reader-text\"> de &laquo;&nbsp;R\u00e9servation&nbsp;&raquo;<\/span><\/a><\/p>\n","protected":false},"author":2,"featured_media":0,"parent":0,"menu_order":0,"comment_status":"closed","ping_status":"closed","template":"","meta":{"_monsterinsights_skip_tracking":false,"_monsterinsights_sitenote_active":false,"_monsterinsights_sitenote_note":"","_monsterinsights_sitenote_category":0,"footnotes":""},"class_list":["post-103","page","type-page","status-publish","hentry"],"yoast_head":"<!-- This site is optimized with the Yoast SEO plugin v27.5 - https:\/\/yoast.com\/product\/yoast-seo-wordpress\/ -->\n<title>R\u00e9servation - programme.yiddish.paris<\/title>\n<meta name=\"robots\" content=\"index, follow, max-snippet:-1, max-image-preview:large, max-video-preview:-1\" \/>\n<link rel=\"canonical\" href=\"https:\/\/programme.yiddish.paris\/?page_id=103\" \/>\n<meta property=\"og:locale\" content=\"fr_FR\" \/>\n<meta property=\"og:type\" content=\"article\" \/>\n<meta property=\"og:title\" content=\"R\u00e9servation - programme.yiddish.paris\" \/>\n<meta property=\"og:description\" content=\"Les r\u00e9servations sont d\u00e9sormais obligatoires, y compris pour les activit\u00e9s gratuites.&nbsp; Toutes les activit\u00e9s commencent \u00e0 l\u2019heure indiqu\u00e9e. Nous vous demandons d\u2019arriver un quart d\u2019heure \u00e0 l\u2019avance, afin d\u2019assurer la &hellip; Continuer la lecture de &laquo;&nbsp;R\u00e9servation&nbsp;&raquo;\" \/>\n<meta property=\"og:url\" content=\"https:\/\/programme.yiddish.paris\/?page_id=103\" \/>\n<meta property=\"og:site_name\" content=\"programme.yiddish.paris\" \/>\n<meta property=\"article:modified_time\" content=\"2026-02-25T13:58:40+00:00\" \/>\n<meta name=\"twitter:card\" content=\"summary_large_image\" \/>\n<meta name=\"twitter:label1\" content=\"Dur\u00e9e de lecture estim\u00e9e\" \/>\n\t<meta name=\"twitter:data1\" content=\"1 minute\" \/>\n<script type=\"application\/ld+json\" class=\"yoast-schema-graph\">{\"@context\":\"https:\\\/\\\/schema.org\",\"@graph\":[{\"@type\":\"WebPage\",\"@id\":\"https:\\\/\\\/programme.yiddish.paris\\\/?page_id=103\",\"url\":\"https:\\\/\\\/programme.yiddish.paris\\\/?page_id=103\",\"name\":\"R\u00e9servation - programme.yiddish.paris\",\"isPartOf\":{\"@id\":\"https:\\\/\\\/programme.yiddish.paris\\\/#website\"},\"datePublished\":\"2020-07-20T22:50:14+00:00\",\"dateModified\":\"2026-02-25T13:58:40+00:00\",\"breadcrumb\":{\"@id\":\"https:\\\/\\\/programme.yiddish.paris\\\/?page_id=103#breadcrumb\"},\"inLanguage\":\"fr-FR\",\"potentialAction\":[{\"@type\":\"ReadAction\",\"target\":[\"https:\\\/\\\/programme.yiddish.paris\\\/?page_id=103\"]}]},{\"@type\":\"BreadcrumbList\",\"@id\":\"https:\\\/\\\/programme.yiddish.paris\\\/?page_id=103#breadcrumb\",\"itemListElement\":[{\"@type\":\"ListItem\",\"position\":1,\"name\":\"Home\",\"item\":\"https:\\\/\\\/programme.yiddish.paris\\\/\"},{\"@type\":\"ListItem\",\"position\":2,\"name\":\"R\u00e9servation\"}]},{\"@type\":\"WebSite\",\"@id\":\"https:\\\/\\\/programme.yiddish.paris\\\/#website\",\"url\":\"https:\\\/\\\/programme.yiddish.paris\\\/\",\"name\":\"programme.yiddish.paris\",\"description\":\"La programmation culturelle de la Maison de la culture yiddish \u2013\u00a0Biblioth\u00e8que Medem\",\"publisher\":{\"@id\":\"https:\\\/\\\/programme.yiddish.paris\\\/#organization\"},\"potentialAction\":[{\"@type\":\"SearchAction\",\"target\":{\"@type\":\"EntryPoint\",\"urlTemplate\":\"https:\\\/\\\/programme.yiddish.paris\\\/?s={search_term_string}\"},\"query-input\":{\"@type\":\"PropertyValueSpecification\",\"valueRequired\":true,\"valueName\":\"search_term_string\"}}],\"inLanguage\":\"fr-FR\"},{\"@type\":\"Organization\",\"@id\":\"https:\\\/\\\/programme.yiddish.paris\\\/#organization\",\"name\":\"programme.yiddish.paris\",\"url\":\"https:\\\/\\\/programme.yiddish.paris\\\/\",\"logo\":{\"@type\":\"ImageObject\",\"inLanguage\":\"fr-FR\",\"@id\":\"https:\\\/\\\/programme.yiddish.paris\\\/#\\\/schema\\\/logo\\\/image\\\/\",\"url\":\"https:\\\/\\\/programme.yiddish.paris\\\/wp-content\\\/uploads\\\/2020\\\/07\\\/cropped-mcy_yud-1.png\",\"contentUrl\":\"https:\\\/\\\/programme.yiddish.paris\\\/wp-content\\\/uploads\\\/2020\\\/07\\\/cropped-mcy_yud-1.png\",\"width\":250,\"height\":250,\"caption\":\"programme.yiddish.paris\"},\"image\":{\"@id\":\"https:\\\/\\\/programme.yiddish.paris\\\/#\\\/schema\\\/logo\\\/image\\\/\"}}]}<\/script>\n<!-- \/ Yoast SEO plugin. -->","yoast_head_json":{"title":"R\u00e9servation - programme.yiddish.paris","robots":{"index":"index","follow":"follow","max-snippet":"max-snippet:-1","max-image-preview":"max-image-preview:large","max-video-preview":"max-video-preview:-1"},"canonical":"https:\/\/programme.yiddish.paris\/?page_id=103","og_locale":"fr_FR","og_type":"article","og_title":"R\u00e9servation - programme.yiddish.paris","og_description":"Les r\u00e9servations sont d\u00e9sormais obligatoires, y compris pour les activit\u00e9s gratuites.&nbsp; Toutes les activit\u00e9s commencent \u00e0 l\u2019heure indiqu\u00e9e. Nous vous demandons d\u2019arriver un quart d\u2019heure \u00e0 l\u2019avance, afin d\u2019assurer la &hellip; Continuer la lecture de &laquo;&nbsp;R\u00e9servation&nbsp;&raquo;","og_url":"https:\/\/programme.yiddish.paris\/?page_id=103","og_site_name":"programme.yiddish.paris","article_modified_time":"2026-02-25T13:58:40+00:00","twitter_card":"summary_large_image","twitter_misc":{"Dur\u00e9e de lecture estim\u00e9e":"1 minute"},"schema":{"@context":"https:\/\/schema.org","@graph":[{"@type":"WebPage","@id":"https:\/\/programme.yiddish.paris\/?page_id=103","url":"https:\/\/programme.yiddish.paris\/?page_id=103","name":"R\u00e9servation - programme.yiddish.paris","isPartOf":{"@id":"https:\/\/programme.yiddish.paris\/#website"},"datePublished":"2020-07-20T22:50:14+00:00","dateModified":"2026-02-25T13:58:40+00:00","breadcrumb":{"@id":"https:\/\/programme.yiddish.paris\/?page_id=103#breadcrumb"},"inLanguage":"fr-FR","potentialAction":[{"@type":"ReadAction","target":["https:\/\/programme.yiddish.paris\/?page_id=103"]}]},{"@type":"BreadcrumbList","@id":"https:\/\/programme.yiddish.paris\/?page_id=103#breadcrumb","itemListElement":[{"@type":"ListItem","position":1,"name":"Home","item":"https:\/\/programme.yiddish.paris\/"},{"@type":"ListItem","position":2,"name":"R\u00e9servation"}]},{"@type":"WebSite","@id":"https:\/\/programme.yiddish.paris\/#website","url":"https:\/\/programme.yiddish.paris\/","name":"programme.yiddish.paris","description":"La programmation culturelle de la Maison de la culture yiddish \u2013\u00a0Biblioth\u00e8que Medem","publisher":{"@id":"https:\/\/programme.yiddish.paris\/#organization"},"potentialAction":[{"@type":"SearchAction","target":{"@type":"EntryPoint","urlTemplate":"https:\/\/programme.yiddish.paris\/?s={search_term_string}"},"query-input":{"@type":"PropertyValueSpecification","valueRequired":true,"valueName":"search_term_string"}}],"inLanguage":"fr-FR"},{"@type":"Organization","@id":"https:\/\/programme.yiddish.paris\/#organization","name":"programme.yiddish.paris","url":"https:\/\/programme.yiddish.paris\/","logo":{"@type":"ImageObject","inLanguage":"fr-FR","@id":"https:\/\/programme.yiddish.paris\/#\/schema\/logo\/image\/","url":"https:\/\/programme.yiddish.paris\/wp-content\/uploads\/2020\/07\/cropped-mcy_yud-1.png","contentUrl":"https:\/\/programme.yiddish.paris\/wp-content\/uploads\/2020\/07\/cropped-mcy_yud-1.png","width":250,"height":250,"caption":"programme.yiddish.paris"},"image":{"@id":"https:\/\/programme.yiddish.paris\/#\/schema\/logo\/image\/"}}]}},"_links":{"self":[{"href":"https:\/\/programme.yiddish.paris\/index.php?rest_route=\/wp\/v2\/pages\/103","targetHints":{"allow":["GET"]}}],"collection":[{"href":"https:\/\/programme.yiddish.paris\/index.php?rest_route=\/wp\/v2\/pages"}],"about":[{"href":"https:\/\/programme.yiddish.paris\/index.php?rest_route=\/wp\/v2\/types\/page"}],"author":[{"embeddable":true,"href":"https:\/\/programme.yiddish.paris\/index.php?rest_route=\/wp\/v2\/users\/2"}],"replies":[{"embeddable":true,"href":"https:\/\/programme.yiddish.paris\/index.php?rest_route=%2Fwp%2Fv2%2Fcomments&post=103"}],"version-history":[{"count":10,"href":"https:\/\/programme.yiddish.paris\/index.php?rest_route=\/wp\/v2\/pages\/103\/revisions"}],"predecessor-version":[{"id":7156,"href":"https:\/\/programme.yiddish.paris\/index.php?rest_route=\/wp\/v2\/pages\/103\/revisions\/7156"}],"wp:attachment":[{"href":"https:\/\/programme.yiddish.paris\/index.php?rest_route=%2Fwp%2Fv2%2Fmedia&parent=103"}],"curies":[{"name":"wp","href":"https:\/\/api.w.org\/{rel}","templated":true}]}}